{"id":19176,"date":"2019-08-05T08:57:08","date_gmt":"2019-08-05T06:57:08","guid":{"rendered":"https:\/\/www.comarcond.com\/thanks\/"},"modified":"2021-09-29T14:35:04","modified_gmt":"2021-09-29T12:35:04","slug":"merci","status":"publish","type":"page","link":"https:\/\/www.comarcond.com\/fr\/merci\/","title":{"rendered":"Votre demande a \u00e9t\u00e9 re\u00e7ue avec succ\u00e8s."},"content":{"rendered":"\n<p>Merci d&rsquo;avoir contact\u00e9 COMAR Condensatori.<\/p>\n\n\n\n<p>Notre service client prendra en charge votre demande et la transmettra au r\u00e9f\u00e9rent dans les plus brefs d\u00e9lais.<\/p>\n\n\n\n<div style=\"height:100px\" aria-hidden=\"true\" class=\"wp-block-spacer d-none d-lg-block\"><\/div>\n","protected":false},"excerpt":{"rendered":"<p> &hellip; <a href=\"https:\/\/www.comarcond.com\/fr\/merci\/\" class=\"more-link\">Continue reading<span class=\"screen-reader-text\"> \u00ab\u00a0Votre demande a \u00e9t\u00e9 re\u00e7ue avec succ\u00e8s.\u00a0\u00bb<\/span><\/a><\/p>\n","protected":false},"author":1,"featured_media":0,"parent":0,"menu_order":0,"comment_status":"closed","ping_status":"closed","template":"","meta":{"footnotes":""},"acf":[],"_links":{"self":[{"href":"https:\/\/www.comarcond.com\/fr\/wp-json\/wp\/v2\/pages\/19176"}],"collection":[{"href":"https:\/\/www.comarcond.com\/fr\/wp-json\/wp\/v2\/pages"}],"about":[{"href":"https:\/\/www.comarcond.com\/fr\/wp-json\/wp\/v2\/types\/page"}],"author":[{"embeddable":true,"href":"https:\/\/www.comarcond.com\/fr\/wp-json\/wp\/v2\/users\/1"}],"replies":[{"embeddable":true,"href":"https:\/\/www.comarcond.com\/fr\/wp-json\/wp\/v2\/comments?post=19176"}],"version-history":[{"count":3,"href":"https:\/\/www.comarcond.com\/fr\/wp-json\/wp\/v2\/pages\/19176\/revisions"}],"predecessor-version":[{"id":22452,"href":"https:\/\/www.comarcond.com\/fr\/wp-json\/wp\/v2\/pages\/19176\/revisions\/22452"}],"wp:attachment":[{"href":"https:\/\/www.comarcond.com\/fr\/wp-json\/wp\/v2\/media?parent=19176"}],"curies":[{"name":"wp","href":"https:\/\/api.w.org\/{rel}","templated":true}]}}