{"id":18767,"date":"2019-05-21T12:12:27","date_gmt":"2019-05-21T10:12:27","guid":{"rendered":"https:\/\/www.comarcond.com\/le-tue-credenziali-per-la-demo-del-cc\/"},"modified":"2019-06-06T11:26:43","modified_gmt":"2019-06-06T09:26:43","slug":"vos-references-pour-la-demo-ccs","status":"publish","type":"page","link":"https:\/\/www.comarcond.com\/fr\/vos-references-pour-la-demo-ccs\/","title":{"rendered":"Vos r\u00e9f\u00e9rences pour la DEMO CCS"},"content":{"rendered":"\n<p>Merci d&rsquo;avoir demand\u00e9 l&rsquo;acc\u00e8s \u00e0 la DEMO du syst\u00e8me de contr\u00f4le du cloud. Vous pouvez commencer tout de suite en entrant les informations d&rsquo;identification que vous trouverez ci-dessous sur la page. https:\/\/www.productionsentinel.cloud\/ps-gui\/login.jsp<\/p>\n\n\n\n<p>Vos r\u00e9f\u00e9rences:<\/p>\n\n\n\n<p>USER: ccsdemo@comarcond.com<br>PWD: ccsdemo!<\/p>\n\n\n\n<p>Nous restons disponibles pour toute curiosit\u00e9 ou demande d&rsquo;information.<br>COMAR Condensatori<\/p>\n","protected":false},"excerpt":{"rendered":"<p> &hellip; <a href=\"https:\/\/www.comarcond.com\/fr\/vos-references-pour-la-demo-ccs\/\" class=\"more-link\">Continue reading<span class=\"screen-reader-text\"> \u00ab\u00a0Vos r\u00e9f\u00e9rences pour la DEMO CCS\u00a0\u00bb<\/span><\/a><\/p>\n","protected":false},"author":1,"featured_media":0,"parent":0,"menu_order":0,"comment_status":"closed","ping_status":"closed","template":"","meta":{"footnotes":""},"acf":[],"_links":{"self":[{"href":"https:\/\/www.comarcond.com\/fr\/wp-json\/wp\/v2\/pages\/18767"}],"collection":[{"href":"https:\/\/www.comarcond.com\/fr\/wp-json\/wp\/v2\/pages"}],"about":[{"href":"https:\/\/www.comarcond.com\/fr\/wp-json\/wp\/v2\/types\/page"}],"author":[{"embeddable":true,"href":"https:\/\/www.comarcond.com\/fr\/wp-json\/wp\/v2\/users\/1"}],"replies":[{"embeddable":true,"href":"https:\/\/www.comarcond.com\/fr\/wp-json\/wp\/v2\/comments?post=18767"}],"version-history":[{"count":2,"href":"https:\/\/www.comarcond.com\/fr\/wp-json\/wp\/v2\/pages\/18767\/revisions"}],"predecessor-version":[{"id":18771,"href":"https:\/\/www.comarcond.com\/fr\/wp-json\/wp\/v2\/pages\/18767\/revisions\/18771"}],"wp:attachment":[{"href":"https:\/\/www.comarcond.com\/fr\/wp-json\/wp\/v2\/media?parent=18767"}],"curies":[{"name":"wp","href":"https:\/\/api.w.org\/{rel}","templated":true}]}}