{"id":19179,"date":"2019-08-05T08:57:08","date_gmt":"2019-08-05T06:57:08","guid":{"rendered":"https:\/\/www.comarcond.com\/merci\/"},"modified":"2021-09-29T14:36:01","modified_gmt":"2021-09-29T12:36:01","slug":"gracias","status":"publish","type":"page","link":"https:\/\/www.comarcond.com\/es\/gracias\/","title":{"rendered":"Su solicitud ha sido recibida con \u00e9xito."},"content":{"rendered":"\n<p>Gracias por contactar COMAR Condensatori.<\/p>\n\n\n\n<p>Nuestro equipo de atenci\u00f3n al cliente se ocupar\u00e1 de su solicitud y la remitir\u00e1 a la persona de referencia en el menor tiempo posible.<\/p>\n\n\n\n<div style=\"height:100px\" aria-hidden=\"true\" class=\"wp-block-spacer d-none d-lg-block\"><\/div>\n","protected":false},"excerpt":{"rendered":"<p> &hellip; <a href=\"https:\/\/www.comarcond.com\/es\/gracias\/\" class=\"more-link\">Continue reading<span class=\"screen-reader-text\"> \u00abSu solicitud ha sido recibida con \u00e9xito.\u00bb<\/span><\/a><\/p>\n","protected":false},"author":1,"featured_media":0,"parent":0,"menu_order":0,"comment_status":"closed","ping_status":"closed","template":"","meta":{"footnotes":""},"acf":[],"_links":{"self":[{"href":"https:\/\/www.comarcond.com\/es\/wp-json\/wp\/v2\/pages\/19179"}],"collection":[{"href":"https:\/\/www.comarcond.com\/es\/wp-json\/wp\/v2\/pages"}],"about":[{"href":"https:\/\/www.comarcond.com\/es\/wp-json\/wp\/v2\/types\/page"}],"author":[{"embeddable":true,"href":"https:\/\/www.comarcond.com\/es\/wp-json\/wp\/v2\/users\/1"}],"replies":[{"embeddable":true,"href":"https:\/\/www.comarcond.com\/es\/wp-json\/wp\/v2\/comments?post=19179"}],"version-history":[{"count":3,"href":"https:\/\/www.comarcond.com\/es\/wp-json\/wp\/v2\/pages\/19179\/revisions"}],"predecessor-version":[{"id":22454,"href":"https:\/\/www.comarcond.com\/es\/wp-json\/wp\/v2\/pages\/19179\/revisions\/22454"}],"wp:attachment":[{"href":"https:\/\/www.comarcond.com\/es\/wp-json\/wp\/v2\/media?parent=19179"}],"curies":[{"name":"wp","href":"https:\/\/api.w.org\/{rel}","templated":true}]}}